{"id":8742,"date":"2023-02-10T11:20:52","date_gmt":"2023-02-10T11:20:52","guid":{"rendered":"http:\/\/stonecare.com.es\/contact\/"},"modified":"2024-02-08T12:47:36","modified_gmt":"2024-02-08T12:47:36","slug":"contact","status":"publish","type":"page","link":"https:\/\/stonecare.com.es\/en\/contact\/","title":{"rendered":"Contact"},"content":{"rendered":"\t\t<div data-elementor-type=\"wp-page\" data-elementor-id=\"8742\" class=\"elementor elementor-8742 elementor-6251\">\n\t\t\t\t\t\t\t\t\t<section class=\"elementor-section elementor-top-section elementor-element elementor-element-441dc54 elementor-section-stretched elementor-section-full_width elementor-section-height-default elementor-section-height-default tf-parallax-no\" data-id=\"441dc54\" data-element_type=\"section\" data-settings=\"{&quot;stretch_section&quot;:&quot;section-stretched&quot;,&quot;background_background&quot;:&quot;classic&quot;}\">\n\t\t\t\t\t\t\t<div class=\"elementor-background-overlay\"><\/div>\n\t\t\t\t\t\t\t<div class=\"elementor-container elementor-column-gap-default\">\n\t\t\t\t\t<div class=\"elementor-column elementor-col-100 elementor-top-column elementor-element elementor-element-5c3491e\" data-id=\"5c3491e\" data-element_type=\"column\">\n\t\t\t<div class=\"elementor-widget-wrap elementor-element-populated\">\n\t\t\t\t\t\t\t\t<div class=\"elementor-element elementor-element-e73ee7f elementor-widget elementor-widget-heading\" data-id=\"e73ee7f\" data-element_type=\"widget\" data-widget_type=\"heading.default\">\n\t\t\t\t<div class=\"elementor-widget-container\">\n\t\t\t<style>\/*! elementor - v3.17.0 - 01-11-2023 *\/\n.elementor-heading-title{padding:0;margin:0;line-height:1}.elementor-widget-heading .elementor-heading-title[class*=elementor-size-]>a{color:inherit;font-size:inherit;line-height:inherit}.elementor-widget-heading .elementor-heading-title.elementor-size-small{font-size:15px}.elementor-widget-heading .elementor-heading-title.elementor-size-medium{font-size:19px}.elementor-widget-heading .elementor-heading-title.elementor-size-large{font-size:29px}.elementor-widget-heading .elementor-heading-title.elementor-size-xl{font-size:39px}.elementor-widget-heading .elementor-heading-title.elementor-size-xxl{font-size:59px}<\/style><h2 class=\"elementor-heading-title elementor-size-default\">Contact<\/h2>\t\t<\/div>\n\t\t\t\t<\/div>\n\t\t\t\t\t<\/div>\n\t\t<\/div>\n\t\t\t\t\t\t\t<\/div>\n\t\t<\/section>\n\t\t\t\t<section class=\"elementor-section elementor-top-section elementor-element elementor-element-dfc1c5a elementor-section-full_width elementor-section-stretched elementor-section-height-default elementor-section-height-default\" data-id=\"dfc1c5a\" data-element_type=\"section\" data-settings=\"{&quot;stretch_section&quot;:&quot;section-stretched&quot;}\">\n\t\t\t\t\t\t<div class=\"elementor-container elementor-column-gap-no\">\n\t\t\t\t\t<div class=\"elementor-column elementor-col-100 elementor-top-column elementor-element elementor-element-05b0fed\" data-id=\"05b0fed\" data-element_type=\"column\">\n\t\t\t<div class=\"elementor-widget-wrap elementor-element-populated\">\n\t\t\t\t\t\t\t\t<section class=\"elementor-section elementor-inner-section elementor-element elementor-element-5111aac elementor-section-boxed elementor-section-height-default elementor-section-height-default\" data-id=\"5111aac\" data-element_type=\"section\">\n\t\t\t\t\t\t<div class=\"elementor-container elementor-column-gap-no\">\n\t\t\t\t\t<div class=\"elementor-column elementor-col-50 elementor-inner-column elementor-element elementor-element-bcf0907\" data-id=\"bcf0907\" data-element_type=\"column\">\n\t\t\t<div class=\"elementor-widget-wrap elementor-element-populated\">\n\t\t\t\t\t\t\t\t<div class=\"elementor-element elementor-element-747fb8c elementor-widget elementor-widget-tf-title-section\" data-id=\"747fb8c\" data-element_type=\"widget\" data-widget_type=\"tf-title-section.default\">\n\t\t\t\t<div class=\"elementor-widget-container\">\n\t\t\t<div id=\"tf-title-section-747fb8c\" class=\"tf-title-section one-line\" data-tabid=\"747fb8c\"> \r\n\t\t\t\t\r\n\t\t\t<div class=\"title-section\">\r\n\t\t\t\t\r\n\t\t\t\t<div class=\"sub-title\"><p>Information<\/p><\/div>\r\n\t\t\t<\/div>                \r\n            <\/div>\t\t<\/div>\n\t\t\t\t<\/div>\n\t\t\t\t<div class=\"elementor-element elementor-element-14fdb41 elementor-icon-list--layout-traditional elementor-list-item-link-full_width elementor-widget elementor-widget-icon-list\" data-id=\"14fdb41\" data-element_type=\"widget\" data-widget_type=\"icon-list.default\">\n\t\t\t\t<div class=\"elementor-widget-container\">\n\t\t\t<link rel=\"stylesheet\" href=\"https:\/\/stonecare.com.es\/wp-content\/plugins\/elementor\/assets\/css\/widget-icon-list.min.css\">\t\t<ul class=\"elementor-icon-list-items\">\n\t\t\t\t\t\t\t<li class=\"elementor-icon-list-item\">\n\t\t\t\t\t\t\t\t\t\t\t<a href=\"mailto:info@stoncecare.com.es\">\n\n\t\t\t\t\t\t\t\t\t\t\t\t<span class=\"elementor-icon-list-icon\">\n\t\t\t\t\t\t\t<i aria-hidden=\"true\" class=\"far fa-envelope\"><\/i>\t\t\t\t\t\t<\/span>\n\t\t\t\t\t\t\t\t\t\t<span class=\"elementor-icon-list-text\">Email<\/span>\n\t\t\t\t\t\t\t\t\t\t\t<\/a>\n\t\t\t\t\t\t\t\t\t<\/li>\n\t\t\t\t\t\t\t\t<li class=\"elementor-icon-list-item\">\n\t\t\t\t\t\t\t\t\t\t\t<a href=\"tel:+34%20685%20143%20558\">\n\n\t\t\t\t\t\t\t\t\t\t\t\t<span class=\"elementor-icon-list-icon\">\n\t\t\t\t\t\t\t<i aria-hidden=\"true\" class=\"fas fa-phone\"><\/i>\t\t\t\t\t\t<\/span>\n\t\t\t\t\t\t\t\t\t\t<span class=\"elementor-icon-list-text\">+34 685 143 558<\/span>\n\t\t\t\t\t\t\t\t\t\t\t<\/a>\n\t\t\t\t\t\t\t\t\t<\/li>\n\t\t\t\t\t\t\t\t<li class=\"elementor-icon-list-item\">\n\t\t\t\t\t\t\t\t\t\t\t<a href=\"https:\/\/www.google.com\/maps\/place\/C.+Sebasti%C3%A1n+Souvir%C3%B3n,+22,+29005+M%C3%A1laga\/@36.7190781,-4.4247201,17z\/data=!3m1!4b1!4m6!3m5!1s0xd72f7965e14be0f:0x1ad04334f2118f6!8m2!3d36.7190781!4d-4.4247201!16s%2Fg%2F11csjxb4l_?entry=ttu\" target=\"_blank\">\n\n\t\t\t\t\t\t\t\t\t\t\t\t<span class=\"elementor-icon-list-icon\">\n\t\t\t\t\t\t\t<i aria-hidden=\"true\" class=\"fas fa-location-arrow\"><\/i>\t\t\t\t\t\t<\/span>\n\t\t\t\t\t\t\t\t\t\t<span class=\"elementor-icon-list-text\">C\/ Sebasti\u00e1n Souvir\u00f3n, 22, 29005, M\u00e1laga<\/span>\n\t\t\t\t\t\t\t\t\t\t\t<\/a>\n\t\t\t\t\t\t\t\t\t<\/li>\n\t\t\t\t\t\t<\/ul>\n\t\t\t\t<\/div>\n\t\t\t\t<\/div>\n\t\t\t\t<div class=\"elementor-element elementor-element-54cfe8c elementor-widget elementor-widget-google_maps\" data-id=\"54cfe8c\" data-element_type=\"widget\" data-widget_type=\"google_maps.default\">\n\t\t\t\t<div class=\"elementor-widget-container\">\n\t\t\t<style>\/*! elementor - v3.17.0 - 01-11-2023 *\/\n.elementor-widget-google_maps .elementor-widget-container{overflow:hidden}.elementor-widget-google_maps .elementor-custom-embed{line-height:0}.elementor-widget-google_maps iframe{height:300px}<\/style>\t\t<div class=\"elementor-custom-embed\">\n\t\t\t<iframe loading=\"lazy\"\n\t\t\t\t\tsrc=\"https:\/\/maps.google.com\/maps?q=C%2F%20Sebasti%C3%A1n%20Souvir%C3%B3n%2C%2022%2C%2029005%2C%20M%C3%A1laga&#038;t=m&#038;z=14&#038;output=embed&#038;iwloc=near\"\n\t\t\t\t\ttitle=\"C\/ Sebasti\u00e1n Souvir\u00f3n, 22, 29005, M\u00e1laga\"\n\t\t\t\t\taria-label=\"C\/ Sebasti\u00e1n Souvir\u00f3n, 22, 29005, M\u00e1laga\"\n\t\t\t><\/iframe>\n\t\t<\/div>\n\t\t\t\t<\/div>\n\t\t\t\t<\/div>\n\t\t\t\t\t<\/div>\n\t\t<\/div>\n\t\t\t\t<div class=\"elementor-column elementor-col-50 elementor-inner-column elementor-element elementor-element-4ebe498\" data-id=\"4ebe498\" data-element_type=\"column\">\n\t\t\t<div class=\"elementor-widget-wrap elementor-element-populated\">\n\t\t\t\t\t\t\t\t<div class=\"elementor-element elementor-element-3e8ada5 elementor-widget elementor-widget-tf-title-section\" data-id=\"3e8ada5\" data-element_type=\"widget\" data-widget_type=\"tf-title-section.default\">\n\t\t\t\t<div class=\"elementor-widget-container\">\n\t\t\t<div id=\"tf-title-section-3e8ada5\" class=\"tf-title-section one-line\" data-tabid=\"3e8ada5\"> \r\n\t\t\t\t\r\n\t\t\t<div class=\"title-section\">\r\n\t\t\t\t\r\n\t\t\t\t<div class=\"sub-title\"><p>Form<\/p><\/div>\r\n\t\t\t<\/div>                \r\n            <\/div>\t\t<\/div>\n\t\t\t\t<\/div>\n\t\t\t\t<div class=\"elementor-element elementor-element-386e22d elementor-widget__width-initial elementor-widget elementor-widget-shortcode\" data-id=\"386e22d\" data-element_type=\"widget\" data-widget_type=\"shortcode.default\">\n\t\t\t\t<div class=\"elementor-widget-container\">\n\t\t\t\t\t<div class=\"elementor-shortcode\">\n<div class=\"wpcf7 no-js\" id=\"wpcf7-f9181-o1\" lang=\"es-ES\" dir=\"ltr\">\n<div class=\"screen-reader-response\"><p role=\"status\" aria-live=\"polite\" aria-atomic=\"true\"><\/p> <ul><\/ul><\/div>\n<form action=\"\/en\/wp-json\/wp\/v2\/pages\/8742#wpcf7-f9181-o1\" method=\"post\" class=\"wpcf7-form init\" aria-label=\"Formulario de contacto\" novalidate=\"novalidate\" data-status=\"init\">\n<div style=\"display: none;\">\n<input type=\"hidden\" name=\"_wpcf7\" value=\"9181\" \/>\n<input type=\"hidden\" name=\"_wpcf7_version\" value=\"5.8.2\" \/>\n<input type=\"hidden\" name=\"_wpcf7_locale\" value=\"es_ES\" \/>\n<input type=\"hidden\" name=\"_wpcf7_unit_tag\" value=\"wpcf7-f9181-o1\" \/>\n<input type=\"hidden\" name=\"_wpcf7_container_post\" value=\"0\" \/>\n<input type=\"hidden\" name=\"_wpcf7_posted_data_hash\" value=\"\" \/>\n<input type=\"hidden\" name=\"_wpcf7_recaptcha_response\" value=\"\" \/>\n<\/div>\n<div class=\"container-form\" style=\"width:100% !important; align-items:center;\">\n\t<div class=\"row\">\n\t\t<div class=\"col-xs-12 col-sm-12 col-md-12 col-lg-12\">\n\t\t\t<p><span class=\"wpcf7-form-control-wrap\" data-name=\"text-588\"><input size=\"100\" class=\"wpcf7-form-control wpcf7-text wpcf7-validates-as-required\" aria-required=\"true\" aria-invalid=\"false\" placeholder=\"Name (Required)\" value=\"\" type=\"text\" name=\"text-588\" \/><\/span>\n\t\t\t<\/p>\n\t\t<\/div>\n\t<\/div>\n\t<div class=\"row\">\n\t\t<div class=\"col-xs-12 col-sm-12 col-md-12 col-lg-12\">\n\t\t\t<p><span class=\"wpcf7-form-control-wrap\" data-name=\"tel-23\"><input size=\"100\" class=\"wpcf7-form-control wpcf7-tel wpcf7-text wpcf7-validates-as-tel\" aria-invalid=\"false\" placeholder=\"Telephone\" value=\"\" type=\"tel\" name=\"tel-23\" \/><\/span>\n\t\t\t<\/p>\n\t\t<\/div>\n\t<\/div>\n\t<div class=\"row\">\n\t\t<div class=\"col-xs-12 col-sm-12 col-md-12 col-lg-12\">\n\t\t\t<p><span class=\"wpcf7-form-control-wrap\" data-name=\"email-844\"><input size=\"100\" class=\"wpcf7-form-control wpcf7-email wpcf7-validates-as-required wpcf7-text wpcf7-validates-as-email\" aria-required=\"true\" aria-invalid=\"false\" placeholder=\"E-mail (Required)\" value=\"\" type=\"email\" name=\"email-844\" \/><\/span>\n\t\t\t<\/p>\n\t\t<\/div>\n\t<\/div>\n\t<div class=\"row\">\n\t\t<div class=\"col-xs-12 col-sm-12 col-md-12 col-lg-12\">\n\t\t\t<p>Comments:<br \/>\n<span class=\"wpcf7-form-control-wrap\" data-name=\"textarea-515\"><textarea cols=\"40\" rows=\"23\" maxlength=\"240\" class=\"wpcf7-form-control wpcf7-textarea\" aria-invalid=\"false\" name=\"textarea-515\"><\/textarea><\/span>\n\t\t\t<\/p>\n\t\t<\/div>\n\t<\/div>\n\t<div class=\"responsabilidad\">\n\t\t<p><span style=\"display:block; float:left;\"><span class=\"wpcf7-form-control-wrap\" data-name=\"acceptance-932\"><span class=\"wpcf7-form-control wpcf7-acceptance\"><span class=\"wpcf7-list-item\"><input type=\"checkbox\" name=\"acceptance-932\" value=\"1\" aria-invalid=\"false\" \/><\/span><\/span><\/span><\/span>&nbsp;&nbsp;<span style=\"font-size:11px;\">I have read and accept the <a href=\"\/en\/legal-notice\" style=\"color:#800605 ;\">Legal Notice<\/a><\/span>\n\t\t<\/p>\n\t<\/div>\n\t<p><input class=\"wpcf7-form-control wpcf7-submit has-spinner\" type=\"submit\" value=\"Enviar\" \/>\n\t<\/p>\n\t<div style=\"font-size:11px; line-height:14px;\">\n\t\t<p>Send: Data controller: Stonecare \u2013 Purpose: To manage your request. - Legitimation: by ticking the \"Send\" button you consent to the data being processed according to <a href=\"\/en\/privacy-policy\/\" style=\"color:#800605;\">privacy policy<\/a>\n\t\t<\/p>\n\t<\/div>\n<\/div><p style=\"display: none !important;\"><label>&#916;<textarea name=\"_wpcf7_ak_hp_textarea\" cols=\"45\" rows=\"8\" maxlength=\"100\"><\/textarea><\/label><input type=\"hidden\" id=\"ak_js_1\" name=\"_wpcf7_ak_js\" value=\"57\"\/><script>document.getElementById( \"ak_js_1\" ).setAttribute( \"value\", ( new Date() ).getTime() );<\/script><\/p><div class=\"wpcf7-response-output\" aria-hidden=\"true\"><\/div>\n<\/form>\n<\/div>\n<\/div>\n\t\t\t\t<\/div>\n\t\t\t\t<\/div>\n\t\t\t\t\t<\/div>\n\t\t<\/div>\n\t\t\t\t\t\t\t<\/div>\n\t\t<\/section>\n\t\t\t\t\t<\/div>\n\t\t<\/div>\n\t\t\t\t\t\t\t<\/div>\n\t\t<\/section>\n\t\t\t\t\t\t\t<\/div>\n\t\t","protected":false},"excerpt":{"rendered":"<p>Contact Information Email +34 685 143 558 C\/ Sebasti\u00e1n Souvir\u00f3n, 22, 29005, M\u00e1laga Form<\/p>\n","protected":false},"author":1,"featured_media":0,"parent":0,"menu_order":0,"comment_status":"closed","ping_status":"closed","template":"","meta":{"footnotes":""},"yoast_head":"<!-- This site is optimized with the Yoast SEO Premium plugin v20.7 (Yoast SEO v21.5) - https:\/\/yoast.com\/wordpress\/plugins\/seo\/ -->\n<title>Contact - Stone Care<\/title>\n<meta name=\"robots\" content=\"index, follow, max-snippet:-1, max-image-preview:large, max-video-preview:-1\" \/>\n<link rel=\"canonical\" href=\"https:\/\/stonecare.com.es\/contacto\/\" \/>\n<meta property=\"og:locale\" content=\"en_US\" \/>\n<meta property=\"og:type\" content=\"article\" \/>\n<meta property=\"og:title\" content=\"Contact\" \/>\n<meta property=\"og:description\" content=\"Contact Information Email +34 685 143 558 C\/ Sebasti\u00e1n Souvir\u00f3n, 22, 29005, M\u00e1laga Form\" \/>\n<meta property=\"og:url\" content=\"https:\/\/stonecare.com.es\/contacto\/\" \/>\n<meta property=\"og:site_name\" content=\"Stone Care\" \/>\n<meta property=\"article:publisher\" content=\"https:\/\/www.facebook.com\/cuidadodelapiedra\" \/>\n<meta property=\"article:modified_time\" content=\"2024-02-08T12:47:36+00:00\" \/>\n<meta name=\"twitter:card\" content=\"summary_large_image\" \/>\n<meta name=\"twitter:label1\" content=\"Est. reading time\" \/>\n\t<meta name=\"twitter:data1\" content=\"1 minute\" \/>\n<script type=\"application\/ld+json\" class=\"yoast-schema-graph\">{\"@context\":\"https:\/\/schema.org\",\"@graph\":[{\"@type\":\"WebPage\",\"@id\":\"https:\/\/stonecare.com.es\/contacto\/\",\"url\":\"https:\/\/stonecare.com.es\/contacto\/\",\"name\":\"Contact - Stone Care\",\"isPartOf\":{\"@id\":\"https:\/\/stonecare.com.es\/#website\"},\"datePublished\":\"2023-02-10T11:20:52+00:00\",\"dateModified\":\"2024-02-08T12:47:36+00:00\",\"breadcrumb\":{\"@id\":\"https:\/\/stonecare.com.es\/contacto\/#breadcrumb\"},\"inLanguage\":\"en-US\",\"potentialAction\":[{\"@type\":\"ReadAction\",\"target\":[\"https:\/\/stonecare.com.es\/contacto\/\"]}]},{\"@type\":\"BreadcrumbList\",\"@id\":\"https:\/\/stonecare.com.es\/contacto\/#breadcrumb\",\"itemListElement\":[{\"@type\":\"ListItem\",\"position\":1,\"name\":\"Home\",\"item\":\"https:\/\/stonecare.com.es\/\"},{\"@type\":\"ListItem\",\"position\":2,\"name\":\"Contact\"}]},{\"@type\":\"WebSite\",\"@id\":\"https:\/\/stonecare.com.es\/#website\",\"url\":\"https:\/\/stonecare.com.es\/\",\"name\":\"Stone Care\",\"description\":\"Cuidado de la piedra\",\"publisher\":{\"@id\":\"https:\/\/stonecare.com.es\/#organization\"},\"potentialAction\":[{\"@type\":\"SearchAction\",\"target\":{\"@type\":\"EntryPoint\",\"urlTemplate\":\"https:\/\/stonecare.com.es\/?s={search_term_string}\"},\"query-input\":\"required name=search_term_string\"}],\"inLanguage\":\"en-US\"},{\"@type\":\"Organization\",\"@id\":\"https:\/\/stonecare.com.es\/#organization\",\"name\":\"Stone Care\",\"url\":\"https:\/\/stonecare.com.es\/\",\"logo\":{\"@type\":\"ImageObject\",\"inLanguage\":\"en-US\",\"@id\":\"https:\/\/stonecare.com.es\/#\/schema\/logo\/image\/\",\"url\":\"https:\/\/stonecare.com.es\/wp-content\/uploads\/2023\/06\/Logo_Stonecare_mejor-removebg-preview.png\",\"contentUrl\":\"https:\/\/stonecare.com.es\/wp-content\/uploads\/2023\/06\/Logo_Stonecare_mejor-removebg-preview.png\",\"width\":593,\"height\":421,\"caption\":\"Stone Care\"},\"image\":{\"@id\":\"https:\/\/stonecare.com.es\/#\/schema\/logo\/image\/\"},\"sameAs\":[\"https:\/\/www.facebook.com\/cuidadodelapiedra\"]}]}<\/script>\n<!-- \/ Yoast SEO Premium plugin. -->","yoast_head_json":{"title":"Contact - Stone Care","robots":{"index":"index","follow":"follow","max-snippet":"max-snippet:-1","max-image-preview":"max-image-preview:large","max-video-preview":"max-video-preview:-1"},"canonical":"https:\/\/stonecare.com.es\/contacto\/","og_locale":"en_US","og_type":"article","og_title":"Contact","og_description":"Contact Information Email +34 685 143 558 C\/ Sebasti\u00e1n Souvir\u00f3n, 22, 29005, M\u00e1laga Form","og_url":"https:\/\/stonecare.com.es\/contacto\/","og_site_name":"Stone Care","article_publisher":"https:\/\/www.facebook.com\/cuidadodelapiedra","article_modified_time":"2024-02-08T12:47:36+00:00","twitter_card":"summary_large_image","twitter_misc":{"Est. reading time":"1 minute"},"schema":{"@context":"https:\/\/schema.org","@graph":[{"@type":"WebPage","@id":"https:\/\/stonecare.com.es\/contacto\/","url":"https:\/\/stonecare.com.es\/contacto\/","name":"Contact - Stone Care","isPartOf":{"@id":"https:\/\/stonecare.com.es\/#website"},"datePublished":"2023-02-10T11:20:52+00:00","dateModified":"2024-02-08T12:47:36+00:00","breadcrumb":{"@id":"https:\/\/stonecare.com.es\/contacto\/#breadcrumb"},"inLanguage":"en-US","potentialAction":[{"@type":"ReadAction","target":["https:\/\/stonecare.com.es\/contacto\/"]}]},{"@type":"BreadcrumbList","@id":"https:\/\/stonecare.com.es\/contacto\/#breadcrumb","itemListElement":[{"@type":"ListItem","position":1,"name":"Home","item":"https:\/\/stonecare.com.es\/"},{"@type":"ListItem","position":2,"name":"Contact"}]},{"@type":"WebSite","@id":"https:\/\/stonecare.com.es\/#website","url":"https:\/\/stonecare.com.es\/","name":"Stone Care","description":"Cuidado de la piedra","publisher":{"@id":"https:\/\/stonecare.com.es\/#organization"},"potentialAction":[{"@type":"SearchAction","target":{"@type":"EntryPoint","urlTemplate":"https:\/\/stonecare.com.es\/?s={search_term_string}"},"query-input":"required name=search_term_string"}],"inLanguage":"en-US"},{"@type":"Organization","@id":"https:\/\/stonecare.com.es\/#organization","name":"Stone Care","url":"https:\/\/stonecare.com.es\/","logo":{"@type":"ImageObject","inLanguage":"en-US","@id":"https:\/\/stonecare.com.es\/#\/schema\/logo\/image\/","url":"https:\/\/stonecare.com.es\/wp-content\/uploads\/2023\/06\/Logo_Stonecare_mejor-removebg-preview.png","contentUrl":"https:\/\/stonecare.com.es\/wp-content\/uploads\/2023\/06\/Logo_Stonecare_mejor-removebg-preview.png","width":593,"height":421,"caption":"Stone Care"},"image":{"@id":"https:\/\/stonecare.com.es\/#\/schema\/logo\/image\/"},"sameAs":["https:\/\/www.facebook.com\/cuidadodelapiedra"]}]}},"_links":{"self":[{"href":"https:\/\/stonecare.com.es\/en\/wp-json\/wp\/v2\/pages\/8742"}],"collection":[{"href":"https:\/\/stonecare.com.es\/en\/wp-json\/wp\/v2\/pages"}],"about":[{"href":"https:\/\/stonecare.com.es\/en\/wp-json\/wp\/v2\/types\/page"}],"author":[{"embeddable":true,"href":"https:\/\/stonecare.com.es\/en\/wp-json\/wp\/v2\/users\/1"}],"replies":[{"embeddable":true,"href":"https:\/\/stonecare.com.es\/en\/wp-json\/wp\/v2\/comments?post=8742"}],"version-history":[{"count":19,"href":"https:\/\/stonecare.com.es\/en\/wp-json\/wp\/v2\/pages\/8742\/revisions"}],"predecessor-version":[{"id":9471,"href":"https:\/\/stonecare.com.es\/en\/wp-json\/wp\/v2\/pages\/8742\/revisions\/9471"}],"wp:attachment":[{"href":"https:\/\/stonecare.com.es\/en\/wp-json\/wp\/v2\/media?parent=8742"}],"curies":[{"name":"wp","href":"https:\/\/api.w.org\/{rel}","templated":true}]}}